{"id":319,"date":"2018-05-23T12:16:14","date_gmt":"2018-05-23T10:16:14","guid":{"rendered":"http:\/\/www.araneum.it\/2017\/?page_id=319"},"modified":"2018-06-06T14:08:59","modified_gmt":"2018-06-06T12:08:59","slug":"informativa-dati-personali","status":"publish","type":"page","link":"http:\/\/www.araneum.it\/2021\/?page_id=319","title":{"rendered":"Informativa dati personali"},"content":{"rendered":"<p>INFORMATIVA AL TRATTAMENTO DEI DATI PERSONALI<\/p>\n<p>I dati personali dell&#8217;utente sono utilizzati da ARANEUM GROUP S.R.L., che ne \u00e8 titolare per il trattamento, nel rispetto dei principi di protezione dei dati personali stabiliti dal Regolamento GDPR 2016\/679.<\/p>\n<p>BASE GIURIDICA<br \/>\n1.\t1)\tIl conferimento dei dati \u00e8 obbligatorio per tutto quanto \u00e8 richiesto dagli obblighi legali e contrattuali e pertanto l&#8217;eventuale rifiuto a fornirli in tutto o in parte pu\u00f2 dar luogo all&#8217;impossibilit\u00e0 di fornire i servizi richiesti.<br \/>\nLa societ\u00e0 tratta i dati facoltativi degli utenti in base al consenso, ossia mediante l\u2019approvazione esplicita della presente policy privacy e in relazione alle modalit\u00e0 e finalit\u00e0 di seguito descritte.<\/p>\n<p>PERIODO DI CONSERVAZIONE<\/p>\n<p>1.\t2)\tI dati obbligatori ai fini contrattuali e contabili sono conservati per il tempo necessario allo svolgimento del rapporto commerciale e contabile.<br \/>\nI dati di chi non acquista o usufruisce di prodotti\/servizi, pur avendo avuto un precedente contatto con dei rappresentanti dell\u2019azienda, saranno immediatamente cancellati o trattati in forma anonima, ove la loro conservazione non risulti altrimenti giustificata, salvo che sia stato acquisito validamente il consenso informato degli interessati relativo ad una successiva attivit\u00e0 di promozione commerciale o ricerca di mercato.<br \/>\nIl periodo di conservazione dei dati \u00e8: 2 Anni (Due Anni)<\/p>\n<p>DIRITTI DELL\u2019INTERESSATO<\/p>\n<p>1.\t3)\tAi sensi del Regolamento europeo 679\/2016 (GDPR) e della normativa nazionale, l&#8217;interessato pu\u00f2, secondo le modalit\u00e0 e nei limiti previsti dalla vigente normativa, esercitare i seguenti diritti: <\/p>\n<p>1.\t\trichiedere la conferma dell&#8217;esistenza di dati personali che lo riguardano (diritto di accesso);<br \/>\n2.\t\tconoscerne l&#8217;origine;<br \/>\n3.\t\triceverne comunicazione intelligibile;<br \/>\n4.\t\tavere informazioni circa la logica, le modalit\u00e0 e le finalit\u00e0 del trattamento;<br \/>\n5.\t\trichiederne l&#8217;aggiornamento, la rettifica, l&#8217;integrazione, la cancellazione, la trasformazione in forma anonima, il blocco dei dati trattati in violazione di legge, ivi compresi quelli non pi\u00f9 necessari al perseguimento degli scopi per i quali sono stati raccolti;<br \/>\n6.\t\tnei casi di trattamento basato su consenso, ricevere i propri dati forniti al titolare, in forma strutturata e leggibile da un elaboratore di dati e in un formato comunemente usato da un dispositivo elettronico;<br \/>\n7.\t\til diritto di presentare un reclamo all\u2019Autorit\u00e0 di controllo.<\/p>\n<p>1.4)\tTitolare del trattamento dei Suoi dati personali \u00e8 ARANEUM GROUP S.R.L. Per l\u2019esercizio dei diritti sopra descritti la preghiamo di contattare il titolare del trattamento dei dati tramite l\u2019ufficio privacy all\u2019indirizzo email: privacy@araneum.it ; di tale richiesta sar\u00e0 fornito idoneo riscontro secondo le tempistiche previste dal GDPR.<\/p>\n<p>Informazioni sui Cookies<\/p>\n<p>Cosa sono i cookies<br \/>\nUn &#8220;cookie&#8221; \u00e8 un file di testo salvato nel computer dell&#8217;utente nel momento in cui questo accede ad un sito web con lo scopo di fornire informazioni ogni volta che l&#8217;utente ritorna sullo stesso sito. E&#8217; una sorta di promemoria della pagina internet visitata. Con il cookie, il server web invia informazioni al browser dell&#8217;utente (Internet Explorer, Mozilla Firefox, Google Chrome, ecc.)  memorizzate sul computer di quest&#8217;ultimo, e saranno rilette ed aggiornate ogni qual volta l&#8217;utente ritorner\u00e0 sul sito. In questo modo il sito Web pu\u00f2 adattarsi automaticamente all&#8217;utente. Nel corso della navigazione l&#8217;utente potrebbe ricevere sul suo terminale anche cookie di siti diversi (cookies di &#8220;terze parti&#8221;), impostati direttamente da gestori di detti siti web e utilizzati per le finalit\u00e0 e secondo le modalit\u00e0 da questi definiti.<br \/>\nIn funzione della loro durata, si distinguono in cookie di sessione (ossia quelli temporanei e cancellati automaticamente dal terminale al termine della sessione di navigazione, chiudendo il browser) ed in cookie persistenti (ossia quelli che restano memorizzati sul terminale fino alla loro scadenza o cancellazione da parte dell&#8217;utente).\u2028\u2028In base alla funzione e alla finalit\u00e0 di utilizzo, i cookie possono suddividersi in cookie tecnici e cookie di profilazione.<\/p>\n<p>Cookie tecnici<br \/>\nAlcuni cookie sono usati per eseguire autenticazioni informatiche, monitoraggio di sessioni e memorizzazione di informazioni specifiche sugli utenti che accedono ad una pagina web. Questi cookie, cosiddetti tecnici, sono spesso utili per consentire di navigare in un sito web e utilizzarne tutte le funzionalit\u00e0. I cookie tecnici sono quelli il cui utilizzo non richiede il consenso dell&#8217;utente.<br \/>\nA questa categoria appartengono anche gli analytics cookie. Si tratta di cookie che raccolgono informazioni circa l&#8217;utilizzo che un utente fa di un sito web e che consentono di migliorarne il funzionamento. Ad esempio gli analytics cookie mostrano quali sono le pagine pi\u00f9 frequentemente visitate, consentono di verificare quali sono gli schemi ricorrenti d&#8217;utilizzo di un sito web e aiutano a comprendere ogni difficolt\u00e0 che l&#8217;utente incontra nell&#8217;utilizzo.<\/p>\n<p>Cookie di profilazione<br \/>\nAltri cookie possono invece essere utilizzati per monitorare e profilare gli utenti durante la navigazione, studiare i loro movimenti e abitudini di consultazione del web o di consumo (cosa comprano, cosa leggono, ecc.), anche allo scopo di inviare pubblicit\u00e0 di servizi mirati e personalizzati. Si parla in questo caso di cookie di profilazione. L&#8217;utilizzo di detti cookie necessita dell&#8217;acquisizione preventiva del libero consenso informato dell&#8217;utente ai sensi dell&#8217;art. 7 del Regolamento UE 2016\/679.<\/p>\n<p>Cookie di terze parti<br \/>\nPu\u00f2 accadere anche che una pagina web contenga cookie provenienti da altri siti e contenuti in vari elementi ospitati sulla pagina stessa, come ad esempio banner pubblicitari, immagini, video, mappe o specifici link a pagine web di altri domini che risiedono su server diversi da quello sul quale si trova la pagina richiesta. In altre parole, questi cookie sono impostati direttamente da gestori di siti web o server diversi da questo sito web. Parliamo, in questi casi, dei cosiddetti cookie terze parti, che di solito sono utilizzati a fini di profilazione. L&#8217;utilizzo di questi cookie necessita dell&#8217;acquisizione preventiva del libero consenso informato dell&#8217;utente.<\/p>\n<p>Tipologie di cookie utilizzati dal nostro sito<br \/>\nLe funzioni principali dei cookies installati da www.araneum.it sono tecniche, vengono utilizzati per migliorare costantemente il Servizio, per l&#8217;autenticazione, per fini statistici, come il conteggio delle visite al sito. L&#8217;utilizzo di cookies \u00e8 dunque strettamente finalizzato a facilitare le funzioni del server di durante la navigazione del Servizio.<br \/>\nIl sito consente inoltre l&#8217;invio dei seguenti cookie di terze parti. Questi cookie non sono strumenti di nostra titolarit\u00e0, per maggiori informazioni, pertanto, \u00e8 possibile accedere all&#8217;informativa ed ai moduli di acquisizione del consenso delle terze parti, cliccando sui link riportati.<br \/>\nPer migliorare il sito web e comprendere quali parti o elementi siano maggiormente apprezzati dagli utenti, sono utilizzati come strumento di analisi anonima e aggregata, i cookie di terza parte di Google Analytics. Questi cookie non sono strumenti di nostra titolarit\u00e0, per maggiori informazioni, pertanto, \u00e8 possibile consultare l&#8217;informativa fornita da Google.<br \/>\nLe pagine del sito web incorporano al loro interno alcuni widget e pulsanti di condivisione di Facebook e Google Plus, per permettere all&#8217;utente di condividere i contenuti del sito web sui propri canali social, e di interagire con i nostri canali. Questi cookie non sono strumenti di nostra titolarit\u00e0, ma sono creati rispettivamente da Facebook e Google nel momento in cui si utilizza il rispettivo widget o pulsante di condivisione. Per saperne di pi\u00f9 visitare le seguenti pagine informative: Facebook e Google.<br \/>\nAlcune pagine web incorporano al loro interno dei contenuti video di YouTube. Visitando una pagina contenente un video, o facendo clic per visualizzare il video, potrebbero essere richiamati cookie provenienti da YouTube. Questi cookie non sono strumenti di nostra titolarit\u00e0. Per saperne di pi\u00f9 visitare la pagina informativa di Google.<br \/>\nIl sito internet potrebbe utilizzare i programmi di Facebook ADS gestito da Facebook Inc., Google Adwords e la tecnologia Google Remarketing, gestiti da Google Inc. Anche la funzione monitoraggio delle conversioni di Facebook ADS e AdWords utilizza i cookie per aiutarci a tenere traccia delle vendite e di altre conversioni.<\/p>\n<p>Gestione dei cookie<br \/>\nL&#8217;utente pu\u00f2 gestire le proprie preferenze relative ai cookie attraverso le funzionalit\u00e0 presenti nei comuni browser che consentono di cancellare\/rimuovere i cookie (tutti o alcuni) o di cambiare le impostazioni del browser stesso in modo da bloccare l&#8217;invio dei cookie o di limitarlo a siti specifici (rispetto ad altri).<br \/>\nPertanto \u00e8 possibile negare l&#8217;utilizzo dei cookie, seguendo la procedura di disabilitazione prevista dal proprio browser. Di seguito si riportano le modalit\u00e0 proposte dai principali browser: Microsoft Windows Explorer, Mozilla Firefox, Google Chrome, Apple Safari, Google Analytics scaricando uno specifico plug-in del browser.<br \/>\nPer avere informazioni sui cookie archiviati sul proprio terminale e disattivarli singolarmente si rinvia al link:<\/p>\n<blockquote data-secret=\"MhwGKbxAbT\" class=\"wp-embedded-content\"><p><a href=\"http:\/\/www.araneum.it\/2017\/?page_id=316\">Politica dei cookie<\/a><\/p><\/blockquote>\n<p><iframe class=\"wp-embedded-content\" sandbox=\"allow-scripts\" security=\"restricted\" style=\"display:none;\" src=\"http:\/\/www.araneum.it\/2017\/?page_id=316&#038;embed=true#?secret=MhwGKbxAbT\" data-secret=\"MhwGKbxAbT\" width=\"600\" height=\"338\" title=\"Articolo WordPress incorporato\" frameborder=\"0\" marginwidth=\"0\" marginheight=\"0\" scrolling=\"no\"><\/iframe><\/p>\n<p>\u2028\u2028La presente privacy policy pu\u00f2 subire modifiche nel tempo \u2013 anche connesse all&#8217;eventuale entrata in vigore di nuove normative di settore, all&#8217;aggiornamento o erogazione di nuovi servizi ovvero ad intervenute innovazioni tecnologiche \u2013 per cui l&#8217;utente\/visitatore \u00e8 invitato a consultare periodicamente questa pagina sul sito www.araneum.it.<\/p>\n","protected":false},"excerpt":{"rendered":"<p>INFORMATIVA AL TRATTAMENTO DEI DATI PERSONALI I dati personali dell&#8217;utente sono utilizzati da ARANEUM GROUP S.R.L., che ne \u00e8 titolare per il trattamento, nel rispetto dei principi di protezione dei dati personali stabiliti dal Regolamento GDPR 2016\/679. BASE GIURIDICA 1. 1) Il conferimento dei dati \u00e8 obbligatorio per tutto quanto \u00e8 richiesto dagli obblighi legali [&hellip;]<\/p>\n","protected":false},"author":2,"featured_media":0,"parent":0,"menu_order":0,"comment_status":"closed","ping_status":"closed","template":"","meta":[],"yoast_head":"<!-- This site is optimized with the Yoast SEO plugin v15.5 - https:\/\/yoast.com\/wordpress\/plugins\/seo\/ -->\n<meta name=\"robots\" content=\"index, follow, max-snippet:-1, max-image-preview:large, max-video-preview:-1\" \/>\n<link rel=\"canonical\" href=\"http:\/\/www.araneum.it\/2021\/?page_id=319\" \/>\n<meta property=\"og:locale\" content=\"it_IT\" \/>\n<meta property=\"og:type\" content=\"article\" \/>\n<meta property=\"og:title\" content=\"Informativa dati personali - Araneum\" \/>\n<meta property=\"og:description\" content=\"INFORMATIVA AL TRATTAMENTO DEI DATI PERSONALI I dati personali dell&#8217;utente sono utilizzati da ARANEUM GROUP S.R.L., che ne \u00e8 titolare per il trattamento, nel rispetto dei principi di protezione dei dati personali stabiliti dal Regolamento GDPR 2016\/679. BASE GIURIDICA 1. 1) Il conferimento dei dati \u00e8 obbligatorio per tutto quanto \u00e8 richiesto dagli obblighi legali [&hellip;]\" \/>\n<meta property=\"og:url\" content=\"http:\/\/www.araneum.it\/2021\/?page_id=319\" \/>\n<meta property=\"og:site_name\" content=\"Araneum\" \/>\n<meta property=\"article:modified_time\" content=\"2018-06-06T12:08:59+00:00\" \/>\n<meta name=\"twitter:card\" content=\"summary\" \/>\n<meta name=\"twitter:label1\" content=\"Tempo di lettura stimato\">\n\t<meta name=\"twitter:data1\" content=\"6 minuti\">\n<script type=\"application\/ld+json\" class=\"yoast-schema-graph\">{\"@context\":\"https:\/\/schema.org\",\"@graph\":[{\"@type\":\"WebSite\",\"@id\":\"http:\/\/www.araneum.it\/2021\/#website\",\"url\":\"http:\/\/www.araneum.it\/2021\/\",\"name\":\"Araneum\",\"description\":\"Araneum Group srl - Sito Ufficiale\",\"potentialAction\":[{\"@type\":\"SearchAction\",\"target\":\"http:\/\/www.araneum.it\/2021\/?s={search_term_string}\",\"query-input\":\"required name=search_term_string\"}],\"inLanguage\":\"it-IT\"},{\"@type\":\"WebPage\",\"@id\":\"http:\/\/www.araneum.it\/2021\/?page_id=319#webpage\",\"url\":\"http:\/\/www.araneum.it\/2021\/?page_id=319\",\"name\":\"Informativa dati personali - Araneum\",\"isPartOf\":{\"@id\":\"http:\/\/www.araneum.it\/2021\/#website\"},\"datePublished\":\"2018-05-23T10:16:14+00:00\",\"dateModified\":\"2018-06-06T12:08:59+00:00\",\"inLanguage\":\"it-IT\",\"potentialAction\":[{\"@type\":\"ReadAction\",\"target\":[\"http:\/\/www.araneum.it\/2021\/?page_id=319\"]}]}]}<\/script>\n<!-- \/ Yoast SEO plugin. -->","_links":{"self":[{"href":"http:\/\/www.araneum.it\/2021\/index.php?rest_route=\/wp\/v2\/pages\/319"}],"collection":[{"href":"http:\/\/www.araneum.it\/2021\/index.php?rest_route=\/wp\/v2\/pages"}],"about":[{"href":"http:\/\/www.araneum.it\/2021\/index.php?rest_route=\/wp\/v2\/types\/page"}],"author":[{"embeddable":true,"href":"http:\/\/www.araneum.it\/2021\/index.php?rest_route=\/wp\/v2\/users\/2"}],"replies":[{"embeddable":true,"href":"http:\/\/www.araneum.it\/2021\/index.php?rest_route=%2Fwp%2Fv2%2Fcomments&post=319"}],"version-history":[{"count":4,"href":"http:\/\/www.araneum.it\/2021\/index.php?rest_route=\/wp\/v2\/pages\/319\/revisions"}],"predecessor-version":[{"id":324,"href":"http:\/\/www.araneum.it\/2021\/index.php?rest_route=\/wp\/v2\/pages\/319\/revisions\/324"}],"wp:attachment":[{"href":"http:\/\/www.araneum.it\/2021\/index.php?rest_route=%2Fwp%2Fv2%2Fmedia&parent=319"}],"curies":[{"name":"wp","href":"https:\/\/api.w.org\/{rel}","templated":true}]}}