{"id":308,"date":"2016-11-02T13:14:31","date_gmt":"2016-11-02T12:14:31","guid":{"rendered":"http:\/\/new.araneum.it\/2016\/?page_id=308"},"modified":"2016-11-02T13:25:09","modified_gmt":"2016-11-02T12:25:09","slug":"politica-della-qualita","status":"publish","type":"page","link":"http:\/\/www.araneum.it\/2021\/?page_id=308","title":{"rendered":"Politica della Qualit\u00e0"},"content":{"rendered":"<p>Il soddisfacimento delle necessit\u00e0 del Cliente in conformit\u00e0 alle norme dell\u2019etica professionale costituisce la Politica della Qualit\u00e0 di Araneum Group. Essa comprende in generale il controllo ed il miglioramento delle caratteristiche del Servizio ed in particolare:<\/p>\n<p>Il miglioramento delle prestazioni attraverso il costante aggiornamento professionale e l\u2019incremento dell\u2019efficacia dei singoli processi;<\/p>\n<p>Il consolidamento e l\u2019incremento della soddisfazione dei Clienti;<\/p>\n<p>L\u2019assicurazione a tutto il personale di un ambiente di lavoro sicuro e adeguato alle attivit\u00e0 richieste.<\/p>\n<p>Per garantire il raggiungimento di tali obiettivi il Management ha definito alcuni principi che devono essere noti e condivisi da tutte le funzioni interne.<\/p>\n<p>Tali principi sono:<\/p>\n<ul>\n<li>\u00a0\u00a0\u00a0\u00a0\u00a0\u00a0\u00a0\u00a0\u00a0\u00a0Soddisfazione del cliente esterno;<\/li>\n<li>\u00a0\u00a0\u00a0\u00a0\u00a0\u00a0\u00a0\u00a0\u00a0\u00a0Soddisfazione del cliente interno (personale);<\/li>\n<li>\u00a0\u00a0\u00a0\u00a0\u00a0\u00a0\u00a0\u00a0\u00a0\u00a0Miglioramento continuo delle prestazioni.<\/li>\n<\/ul>\n<p><strong>Soddisfazione del cliente esterno<\/strong><\/p>\n<p>Conoscenza di come il Cliente percepisce la qualit\u00e0 dei servizi erogati dall\u2019organizzazione mediante periodico invio di questionari di customer satisfaction e monitoraggio di reclami e suggerimenti;<\/p>\n<p>Progressivo miglioramento ed ampliamento dei servizi forniti;<\/p>\n<p>Attenta e tempestiva gestione dei contatti con il Cliente, mediante l\u2019impiego di personale preparato a rispondere e a fornire informazioni in modo preciso, professionale e cortese.<\/p>\n<p>&nbsp;<\/p>\n<p><strong>Soddisfazione del cliente interno<\/strong><\/p>\n<p>Chiarezza nella distribuzione dei ruoli aziendali e delle mansioni;<\/p>\n<p>Definizione di procedure di lavoro chiare ed adeguate ai singoli ruoli;<\/p>\n<p>Adeguata formazione per lo svolgimento dei compiti sia dal punto di vista professionale che in relazione alla gestione della garanzia di qualit\u00e0;<\/p>\n<p>Diffusione delle politiche e degli obiettivi aziendali;<\/p>\n<p>Informazione periodica sui risultati raggiunti a tutti i livelli ed eventuali problemi riscontrati;<\/p>\n<p>Osservanza di leggi, norme e regolamenti in vigore, per quanto attiene a tutte le attivit\u00e0 che coinvolgono l\u2019azienda ed in particolare di quelle inerenti alla sicurezza delle condizioni lavorative.<\/p>\n<p>&nbsp;<\/p>\n<p><strong>Miglioramento continuo delle prestazioni<\/strong><\/p>\n<p>Definizione di opportuni indicatori misurabili di efficacia dei singoli processi e di obiettivi di miglioramento;<\/p>\n<p>Attivazione di un sistema di monitoraggio relativo alla valutazione delle non conformit\u00e0 di servizio e di processo;<\/p>\n<p>Pianificazione, gestione, controllo di realizzazione e di efficacia di azioni preventive\/correttive;<\/p>\n<p>Monitoraggio dei fallimenti delle pianificazioni;<\/p>\n<p>Monitoraggio delle risorse assorbite da processi e attivit\u00e0;<\/p>\n<p>Formazione ed aggiornamento continuo del personale;<\/p>\n<p>Selezione di professionisti collaboratori titolati;<\/p>\n<p>Verifiche ispettive interne del sistema;<\/p>\n<p>Riesame periodico del sistema da parte della direzione aziendale e definizione di nuovi e ulteriori obiettivi.<\/p>\n<p>&nbsp;<\/p>\n<p><strong>Araneum Group<\/strong>\u00a0pianifica attentamente tutte le attivit\u00e0 al fine di controllare l\u2019impiego delle risorse necessarie ai vari processi aziendali con il chiaro scopo di perseguire unitamente all\u2019efficacia del proprio sistema anche la sua efficienza, che per il Cliente si traduce in risparmio e quindi in soddisfazione.<\/p>\n<p>&nbsp;<\/p>\n<p>Il raggiungimento di questi obiettivi deve essere perseguito gestendo il cambiamento con flessibilit\u00e0, tempestivit\u00e0 e determinazione, utilizzando al meglio gli strumenti organizzativi disponibili, migliorando la propria professionalit\u00e0 in ordine alle tecniche individuali di lavoro (pianificazione delle attivit\u00e0, addestramento del personale, gestione del tempo e delle priorit\u00e0 di lavoro), e sviluppando la capacit\u00e0 di lavorare insieme agli altri.<\/p>\n<p>&nbsp;<\/p>\n<p>Le esigenze e le aspettative del Cliente vanno soddisfatte attraverso il massimo impegno nelle attivit\u00e0 di esecuzione del servizio. Tutte le figure professionali facenti parte della struttura, indipendentemente dalle specifiche responsabilit\u00e0 assegnate, sono determinanti per il conseguimento della soddisfazione del Cliente.<\/p>\n<p>&nbsp;<\/p>\n<p>L\u2019applicazione del Sistema di gestione per la Qualit\u00e0 coinvolge pertanto tutte le funzioni e richiede la partecipazione, l\u2019impegno e l\u2019efficace interazione di tutto il personale e di tutti i\u00a0 collaboratori.<\/p>\n<p>Il Management si impegna ad attuare e sostenere la politica per la Qualit\u00e0 sopra esposta, a divulgarla ed a verificarla periodicamente prendendo in considerazione anche le esigenze e le proposte di tutte le parti in causa.<\/p>\n","protected":false},"excerpt":{"rendered":"<p>Il soddisfacimento delle necessit\u00e0 del Cliente in conformit\u00e0 alle norme dell\u2019etica professionale costituisce la Politica della Qualit\u00e0 di Araneum Group. Essa comprende in generale il controllo ed il miglioramento delle caratteristiche del Servizio ed in particolare: Il miglioramento delle prestazioni attraverso il costante aggiornamento professionale e l\u2019incremento dell\u2019efficacia dei singoli processi; Il consolidamento e l\u2019incremento [&hellip;]<\/p>\n","protected":false},"author":2,"featured_media":0,"parent":0,"menu_order":0,"comment_status":"closed","ping_status":"closed","template":"","meta":[],"yoast_head":"<!-- This site is optimized with the Yoast SEO plugin v15.5 - https:\/\/yoast.com\/wordpress\/plugins\/seo\/ -->\n<meta name=\"robots\" content=\"index, follow, max-snippet:-1, max-image-preview:large, max-video-preview:-1\" \/>\n<link rel=\"canonical\" href=\"http:\/\/www.araneum.it\/2021\/?page_id=308\" \/>\n<meta property=\"og:locale\" content=\"it_IT\" \/>\n<meta property=\"og:type\" content=\"article\" \/>\n<meta property=\"og:title\" content=\"Politica della Qualit\u00e0 - Araneum\" \/>\n<meta property=\"og:description\" content=\"Il soddisfacimento delle necessit\u00e0 del Cliente in conformit\u00e0 alle norme dell\u2019etica professionale costituisce la Politica della Qualit\u00e0 di Araneum Group. Essa comprende in generale il controllo ed il miglioramento delle caratteristiche del Servizio ed in particolare: Il miglioramento delle prestazioni attraverso il costante aggiornamento professionale e l\u2019incremento dell\u2019efficacia dei singoli processi; Il consolidamento e l\u2019incremento [&hellip;]\" \/>\n<meta property=\"og:url\" content=\"http:\/\/www.araneum.it\/2021\/?page_id=308\" \/>\n<meta property=\"og:site_name\" content=\"Araneum\" \/>\n<meta property=\"article:modified_time\" content=\"2016-11-02T12:25:09+00:00\" \/>\n<meta name=\"twitter:card\" content=\"summary\" \/>\n<meta name=\"twitter:label1\" content=\"Tempo di lettura stimato\">\n\t<meta name=\"twitter:data1\" content=\"2 minuti\">\n<script type=\"application\/ld+json\" class=\"yoast-schema-graph\">{\"@context\":\"https:\/\/schema.org\",\"@graph\":[{\"@type\":\"WebSite\",\"@id\":\"http:\/\/www.araneum.it\/2021\/#website\",\"url\":\"http:\/\/www.araneum.it\/2021\/\",\"name\":\"Araneum\",\"description\":\"Araneum Group srl - Sito Ufficiale\",\"potentialAction\":[{\"@type\":\"SearchAction\",\"target\":\"http:\/\/www.araneum.it\/2021\/?s={search_term_string}\",\"query-input\":\"required name=search_term_string\"}],\"inLanguage\":\"it-IT\"},{\"@type\":\"WebPage\",\"@id\":\"http:\/\/www.araneum.it\/2021\/?page_id=308#webpage\",\"url\":\"http:\/\/www.araneum.it\/2021\/?page_id=308\",\"name\":\"Politica della Qualit\\u00e0 - Araneum\",\"isPartOf\":{\"@id\":\"http:\/\/www.araneum.it\/2021\/#website\"},\"datePublished\":\"2016-11-02T12:14:31+00:00\",\"dateModified\":\"2016-11-02T12:25:09+00:00\",\"inLanguage\":\"it-IT\",\"potentialAction\":[{\"@type\":\"ReadAction\",\"target\":[\"http:\/\/www.araneum.it\/2021\/?page_id=308\"]}]}]}<\/script>\n<!-- \/ Yoast SEO plugin. -->","_links":{"self":[{"href":"http:\/\/www.araneum.it\/2021\/index.php?rest_route=\/wp\/v2\/pages\/308"}],"collection":[{"href":"http:\/\/www.araneum.it\/2021\/index.php?rest_route=\/wp\/v2\/pages"}],"about":[{"href":"http:\/\/www.araneum.it\/2021\/index.php?rest_route=\/wp\/v2\/types\/page"}],"author":[{"embeddable":true,"href":"http:\/\/www.araneum.it\/2021\/index.php?rest_route=\/wp\/v2\/users\/2"}],"replies":[{"embeddable":true,"href":"http:\/\/www.araneum.it\/2021\/index.php?rest_route=%2Fwp%2Fv2%2Fcomments&post=308"}],"version-history":[{"count":3,"href":"http:\/\/www.araneum.it\/2021\/index.php?rest_route=\/wp\/v2\/pages\/308\/revisions"}],"predecessor-version":[{"id":313,"href":"http:\/\/www.araneum.it\/2021\/index.php?rest_route=\/wp\/v2\/pages\/308\/revisions\/313"}],"wp:attachment":[{"href":"http:\/\/www.araneum.it\/2021\/index.php?rest_route=%2Fwp%2Fv2%2Fmedia&parent=308"}],"curies":[{"name":"wp","href":"https:\/\/api.w.org\/{rel}","templated":true}]}}